{"id":13690,"date":"2025-02-05T17:04:28","date_gmt":"2025-02-05T12:34:28","guid":{"rendered":"https:\/\/demo.lenatarim.com.tr\/lena-chem\/"},"modified":"2025-10-13T18:54:25","modified_gmt":"2025-10-13T14:24:25","slug":"lena-chem","status":"publish","type":"page","link":"https:\/\/lenatarim.com.tr\/en\/lena-chem\/","title":{"rendered":"LENA CHEM"},"content":{"rendered":"\t\t<div data-elementor-type=\"wp-page\" data-elementor-id=\"13690\" class=\"elementor elementor-13690 elementor-9124\">\n\t\t\t\t<div class=\"elementor-element elementor-element-b9bbd35 e-flex e-con-boxed wpr-particle-no wpr-jarallax-no wpr-parallax-no wpr-sticky-section-no e-con e-parent\" data-id=\"b9bbd35\" data-element_type=\"container\" data-settings=\"{&quot;background_background&quot;:&quot;classic&quot;,&quot;shape_divider_bottom&quot;:&quot;waves&quot;,&quot;shape_divider_bottom_negative&quot;:&quot;yes&quot;}\">\n\t\t\t\t\t<div class=\"e-con-inner\">\n\t\t\t\t<div class=\"elementor-shape elementor-shape-bottom\" aria-hidden=\"true\" data-negative=\"true\">\n\t\t\t<svg xmlns=\"http:\/\/www.w3.org\/2000\/svg\" viewBox=\"0 0 1000 100\" preserveAspectRatio=\"none\">\n\t<path class=\"elementor-shape-fill\" d=\"M790.5,93.1c-59.3-5.3-116.8-18-192.6-50c-29.6-12.7-76.9-31-100.5-35.9c-23.6-4.9-52.6-7.8-75.5-5.3\n\tc-10.2,1.1-22.6,1.4-50.1,7.4c-27.2,6.3-58.2,16.6-79.4,24.7c-41.3,15.9-94.9,21.9-134,22.6C72,58.2,0,25.8,0,25.8V100h1000V65.3\n\tc0,0-51.5,19.4-106.2,25.7C839.5,97,814.1,95.2,790.5,93.1z\"\/>\n<\/svg>\t\t<\/div>\n\t\t\t\t<div class=\"elementor-element elementor-element-024d5ae elementor-widget elementor-widget-heading\" data-id=\"024d5ae\" data-element_type=\"widget\" data-widget_type=\"heading.default\">\n\t\t\t\t<div class=\"elementor-widget-container\">\n\t\t\t\t\t<h2 class=\"elementor-heading-title elementor-size-default\">PRODUCTS<\/h2>\t\t\t\t<\/div>\n\t\t\t\t<\/div>\n\t\t\t\t\t<\/div>\n\t\t\t\t<\/div>\n\t\t<div class=\"elementor-element elementor-element-92fb874 e-flex e-con-boxed wpr-particle-no wpr-jarallax-no wpr-parallax-no wpr-sticky-section-no e-con e-parent\" data-id=\"92fb874\" data-element_type=\"container\">\n\t\t\t\t\t<div class=\"e-con-inner\">\n\t\t<div class=\"elementor-element elementor-element-359b2a7 e-con-full e-flex wpr-particle-no wpr-jarallax-no wpr-parallax-no wpr-sticky-section-no e-con e-child\" data-id=\"359b2a7\" data-element_type=\"container\">\n\t\t<div class=\"elementor-element elementor-element-da9a38a e-con-full e-flex wpr-particle-no wpr-jarallax-no wpr-parallax-no wpr-sticky-section-no e-con e-child\" data-id=\"da9a38a\" data-element_type=\"container\">\n\t\t<div class=\"elementor-element elementor-element-c3fdcd0 e-con-full e-flex wpr-particle-no wpr-jarallax-no wpr-parallax-no wpr-sticky-section-no e-con e-child\" data-id=\"c3fdcd0\" data-element_type=\"container\">\n\t\t<div class=\"elementor-element elementor-element-39767c2 e-con-full e-flex wpr-particle-no wpr-jarallax-no wpr-parallax-no wpr-sticky-section-no e-con e-child\" data-id=\"39767c2\" data-element_type=\"container\">\n\t\t\t\t<div class=\"elementor-element elementor-element-1dfe940 elementor-widget elementor-widget-heading\" data-id=\"1dfe940\" data-element_type=\"widget\" data-widget_type=\"heading.default\">\n\t\t\t\t<div class=\"elementor-widget-container\">\n\t\t\t\t\t<h2 class=\"elementor-heading-title elementor-size-default\">LENA CHEM<\/h2>\t\t\t\t<\/div>\n\t\t\t\t<\/div>\n\t\t\t\t<\/div>\n\t\t\t\t<div class=\"elementor-element elementor-element-28ffa08 elementor-position-left elementor-vertical-align-middle elementor-widget elementor-widget-image-box\" data-id=\"28ffa08\" data-element_type=\"widget\" data-widget_type=\"image-box.default\">\n\t\t\t\t<div class=\"elementor-widget-container\">\n\t\t\t\t\t<div class=\"elementor-image-box-wrapper\"><figure class=\"elementor-image-box-img\"><img fetchpriority=\"high\" decoding=\"async\" width=\"2011\" height=\"2011\" src=\"https:\/\/lenatarim.com.tr\/wp-content\/uploads\/2025\/09\/ozel-gubre-icon.png\" class=\"attachment-full size-full wp-image-12558\" alt=\"\" srcset=\"https:\/\/lenatarim.com.tr\/wp-content\/uploads\/2025\/09\/ozel-gubre-icon.png 2011w, https:\/\/lenatarim.com.tr\/wp-content\/uploads\/2025\/09\/ozel-gubre-icon-300x300.png 300w, https:\/\/lenatarim.com.tr\/wp-content\/uploads\/2025\/09\/ozel-gubre-icon-1024x1024.png 1024w, https:\/\/lenatarim.com.tr\/wp-content\/uploads\/2025\/09\/ozel-gubre-icon-150x150.png 150w, https:\/\/lenatarim.com.tr\/wp-content\/uploads\/2025\/09\/ozel-gubre-icon-768x768.png 768w, https:\/\/lenatarim.com.tr\/wp-content\/uploads\/2025\/09\/ozel-gubre-icon-1536x1536.png 1536w\" sizes=\"(max-width: 2011px) 100vw, 2011px\" \/><\/figure><div class=\"elementor-image-box-content\"><h3 class=\"elementor-image-box-title\">LENA CHEM<\/h3><p class=\"elementor-image-box-description\">\nOTHER PRODUCTS\n<\/p><\/div><\/div>\t\t\t\t<\/div>\n\t\t\t\t<\/div>\n\t\t\t\t<\/div>\n\t\t<div class=\"elementor-element elementor-element-027fa34 e-con-full e-flex wpr-particle-no wpr-jarallax-no wpr-parallax-no wpr-sticky-section-no e-con e-child\" data-id=\"027fa34\" data-element_type=\"container\">\n\t\t\t\t<div class=\"elementor-element elementor-element-0441e34 elementor-widget elementor-widget-image\" data-id=\"0441e34\" data-element_type=\"widget\" data-widget_type=\"image.default\">\n\t\t\t\t<div class=\"elementor-widget-container\">\n\t\t\t\t\t\t\t\t\t\t\t\t\t\t\t<img decoding=\"async\" src=\"https:\/\/lenatarim.com.tr\/wp-content\/uploads\/2025\/04\/LENA-CHEM-1.png\" title=\"\" alt=\"\" loading=\"lazy\" \/>\t\t\t\t\t\t\t\t\t\t\t\t\t\t\t<\/div>\n\t\t\t\t<\/div>\n\t\t\t\t<\/div>\n\t\t\t\t<\/div>\n\t\t<div class=\"elementor-element elementor-element-d83547b e-flex e-con-boxed wpr-particle-no wpr-jarallax-no wpr-parallax-no wpr-sticky-section-no e-con e-child\" data-id=\"d83547b\" data-element_type=\"container\">\n\t\t\t\t\t<div class=\"e-con-inner\">\n\t\t<div class=\"elementor-element elementor-element-f86015e e-flex e-con-boxed wpr-particle-no wpr-jarallax-no wpr-parallax-no wpr-sticky-section-no e-con e-child\" data-id=\"f86015e\" data-element_type=\"container\">\n\t\t\t\t\t<div class=\"e-con-inner\">\n\t\t\t\t<div class=\"elementor-element elementor-element-ecc3049 elementor-widget elementor-widget-text-editor\" data-id=\"ecc3049\" data-element_type=\"widget\" data-widget_type=\"text-editor.default\">\n\t\t\t\t<div class=\"elementor-widget-container\">\n\t\t\t\t\t\t\t\t\tLENA-CHEM preserves the golden yellow color of dried grapes, facilitates easy preparation of the dipping solution, and ensures the mixture remains homogeneous for a long time. It leaves no residue, which improves the quality of dried grapes. \n\t\t\t\t\t\t\t\t<\/div>\n\t\t\t\t<\/div>\n\t\t\t\t<div class=\"elementor-element elementor-element-d08e979 wpr-equal-column-width-yes wpr-data-table-type-custom wpr-table-align-items-left elementor-widget elementor-widget-wpr-data-table\" data-id=\"d08e979\" data-element_type=\"widget\" data-widget_type=\"wpr-data-table.default\">\n\t\t\t\t<div class=\"elementor-widget-container\">\n\t\t\t\t\t\n\t\t\t\t\n\t\t<div class=\"wpr-table-container\">\n\t\t<div class=\"wpr-table-inner-container \" data-table-sorting=\"no\" data-custom-pagination=\"no\" data-row-pagination=\"\" data-entry-info=\"no\" data-rows-per-page=\"\">\n\n\t\t\n\t\t\t<table class=\"wpr-data-table\" id=\"wpr-data-table\">\n\t\t\t\t\t\t\t\t\n\t\t\t\t<thead>\n\t\t\t\t\t<tr class=\"wpr-table-head-row wpr-table-row\">\n\t\t\t\t\t\n\t\t\t\t\t\t<th class=\"wpr-table-th elementor-repeater-item-1d71570\" colspan=\"1\">\n\t\t\t\t\t\t\t<div class=\"\">\n\t\t\t\t\t\t\t\t\t\t\t\t\t\t\t\t\n\t\t\t\t\t\t\t\t\t\t\t\t\t\t\t\t\t\t\t\t\t\t\t\t\t\t\t\t\t\t\t\t\t\t\t\t\t\t\t\t\t\t\t\t\t\t\t<\/div>\n\t\t\t\t\t\t<\/th>\n\t\t\t\t\t\t\n\t\t\t\t\t\t<th class=\"wpr-table-th elementor-repeater-item-68156f4\" colspan=\"1\">\n\t\t\t\t\t\t\t<div class=\"\">\n\t\t\t\t\t\t\t\t\t\t\t\t\t\t\t\t\n\t\t\t\t\t\t\t\t\t\t\t\t\t\t\t\t\t\t\t\t\t\t\t\t\t\t\t\t\t\t\t\t\t\t\t\t\t\t\t\t\t\t\t\t\t\t\t<\/div>\n\t\t\t\t\t\t<\/th>\n\t\t\t\t\t\t\t\t\t\t\t<\/tr>\n\t\t\t\t<\/thead>\n\n\t\t\t\t<tbody>\n\t\t\t\t\t\t\t\t\t<tr class=\"wpr-table-body-row wpr-table-row elementor-repeater-item-507ac7e wpr-odd\">\n\t\t\t\t\t\t\t\t\t\t\t\t\t\n\t\t\t\t\t\t\t<td colspan=\"\" rowspan=\"\" class=\"elementor-repeater-item-c08632f wpr-table-td\">\n\n\t\t\t\t\t\t\t\t<div class=\"wpr-td-content-wrapper \">\n\n\t\t\t\t\t\t\t\t\t<img decoding=\"async\" src=\"https:\/\/lenatarim.com.tr\/wp-content\/uploads\/2025\/08\/bottle-icon.png\" class=\"wpr-data-table-th-img\" alt=\"\">\t\t\t\t\t\t\t\t\t\t\t\t\t\t\t\t\t\t\t\t<span>\n\t\t\t\t\t\t\t\t\t \n\t\t\t\t\t\t\t\t\t\t\t<span class=\"wpr-table-text\">\n\t\t\t\t\t\t\t\t\t\t\t\tPACKAGING:\t\t\t\t\t\t\t\t\t\t\t<\/span>\n\t\t\t\t\t\t\t\t\t\t\t\t\t\t\t\t\t\t\t\t<\/span>\n\t\t\t\t\t\t\t\t\t\t\t\t\t\t\t\t\t\t\t\t\t\t\t\t\t\t\t\t\n\t\t\t\t\t\t\t\t<\/div>\n\n\t\t\t\t\t\t\t<\/td>\n\t\t\t\t\t\t\t\t\t\t\t\t\t\t\t\n\t\t\t\t\t\t\t<td colspan=\"\" rowspan=\"\" class=\"elementor-repeater-item-fba7745 wpr-table-td\">\n\n\t\t\t\t\t\t\t\t<div class=\"wpr-td-content-wrapper \">\n\n\t\t\t\t\t\t\t\t\t\t\t\t\t\t\t\t\t\t\t\t\t\t\t\t\t\t\t\t\t<span>\n\t\t\t\t\t\t\t\t\t \n\t\t\t\t\t\t\t\t\t\t\t<span class=\"wpr-table-text\">\n\t\t\t\t\t\t\t\t\t\t\t\t100mL\t\t\t\t\t\t\t\t\t\t\t<\/span>\n\t\t\t\t\t\t\t\t\t\t\t\t\t\t\t\t\t\t\t\t<\/span>\n\t\t\t\t\t\t\t\t\t\t\t\t\t\t\t\t\t\t\t\t\t\t\t\t\t\t\t\t\n\t\t\t\t\t\t\t\t<\/div>\n\n\t\t\t\t\t\t\t<\/td>\n\t\t\t\t\t\t\t\t\t\t\t\t<\/tr>\n\t\t\t        \t\t\t\t<\/tbody>\n\t\t\t<\/table>\n\t\t<\/div>\n\t\t<\/div>\n    \t\t\t\t\t<\/div>\n\t\t\t\t<\/div>\n\t\t\t\t\t<\/div>\n\t\t\t\t<\/div>\n\t\t\t\t\t<\/div>\n\t\t\t\t<\/div>\n\t\t\t\t<\/div>\n\t\t<div class=\"elementor-element elementor-element-e736edc e-con-full e-flex wpr-particle-no wpr-jarallax-no wpr-parallax-no wpr-sticky-section-no e-con e-child\" data-id=\"e736edc\" data-element_type=\"container\" data-settings=\"{&quot;background_background&quot;:&quot;classic&quot;}\">\n\t\t\t\t<div class=\"elementor-element elementor-element-e5420ba elementor-widget elementor-widget-heading\" data-id=\"e5420ba\" data-element_type=\"widget\" data-widget_type=\"heading.default\">\n\t\t\t\t<div class=\"elementor-widget-container\">\n\t\t\t\t\t<h2 class=\"elementor-heading-title elementor-size-default\">OTHER PRODUCTS:<\/h2>\t\t\t\t<\/div>\n\t\t\t\t<\/div>\n\t\t\t\t<div class=\"elementor-element elementor-element-1a05867 wpr-grid-columns-1 wpr-item-styles-wrapper wpr-grid-columns--laptop3 wpr-grid-columns--tablet2 wpr-grid-columns--mobile1 elementor-widget elementor-widget-wpr-grid\" data-id=\"1a05867\" data-element_type=\"widget\" data-widget_type=\"wpr-grid.default\">\n\t\t\t\t<div class=\"elementor-widget-container\">\n\t\t\t\t\t<ul class=\"wpr-grid-filters elementor-clearfix wpr-grid-filters-sep-right\"><li class=\" wpr-pointer-none wpr-pointer-line-fx wpr-pointer-fx-none\"><span  data-filter=\"*\" class=\"wpr-grid-filters-item wpr-active-filter \">All Posts<\/span><em class=\"wpr-grid-filters-sep\"><\/em><\/li><li class=\" wpr-pointer-none wpr-pointer-line-fx wpr-pointer-fx-none\"><span   data-ajax-filter=[\"category\",\"diger-urunler\"]  data-filter=\".category-diger-urunler\">D\u0130\u011eER \u00dcR\u00dcNLER<\/span><em class=\"wpr-grid-filters-sep\"><\/em><\/li><\/ul><section class=\"wpr-grid elementor-clearfix\" data-settings=\"{&quot;layout&quot;:&quot;fitRows&quot;,&quot;stick_last_element_to_bottom&quot;:&quot;&quot;,&quot;columns_desktop&quot;:&quot;1&quot;,&quot;gutter_hr&quot;:40,&quot;gutter_hr_mobile&quot;:40,&quot;gutter_hr_mobile_extra&quot;:40,&quot;gutter_hr_tablet&quot;:40,&quot;gutter_hr_tablet_extra&quot;:40,&quot;gutter_hr_laptop&quot;:40,&quot;gutter_hr_widescreen&quot;:40,&quot;gutter_vr&quot;:15,&quot;gutter_vr_mobile&quot;:15,&quot;gutter_vr_mobile_extra&quot;:15,&quot;gutter_vr_tablet&quot;:15,&quot;gutter_vr_tablet_extra&quot;:15,&quot;gutter_vr_laptop&quot;:15,&quot;gutter_vr_widescreen&quot;:15,&quot;animation&quot;:&quot;default&quot;,&quot;animation_duration&quot;:0.3,&quot;animation_delay&quot;:0.1,&quot;deeplinking&quot;:&quot;&quot;,&quot;filters_linkable&quot;:&quot;no&quot;,&quot;filters_default_filter&quot;:&quot;&quot;,&quot;filters_count&quot;:&quot;&quot;,&quot;filters_hide_empty&quot;:&quot;no&quot;,&quot;filters_animation&quot;:&quot;default&quot;,&quot;filters_animation_duration&quot;:0.3,&quot;filters_animation_delay&quot;:0.1,&quot;pagination_type&quot;:&quot;load-more&quot;,&quot;pagination_max_pages&quot;:1,&quot;lightbox&quot;:{&quot;selector&quot;:&quot;.wpr-grid-image-wrap&quot;,&quot;iframeMaxWidth&quot;:&quot;60%&quot;,&quot;hash&quot;:false,&quot;autoplay&quot;:&quot;true&quot;,&quot;pause&quot;:5000,&quot;progressBar&quot;:&quot;true&quot;,&quot;counter&quot;:&quot;true&quot;,&quot;controls&quot;:&quot;true&quot;,&quot;getCaptionFromTitleOrAlt&quot;:&quot;true&quot;,&quot;thumbnail&quot;:&quot;&quot;,&quot;showThumbByDefault&quot;:&quot;&quot;,&quot;share&quot;:&quot;&quot;,&quot;zoom&quot;:&quot;true&quot;,&quot;fullScreen&quot;:&quot;true&quot;,&quot;download&quot;:&quot;true&quot;}}\"><article class=\"wpr-grid-item elementor-clearfix post-13666 post type-post status-publish format-standard hentry category-other-products tag-other-products\"><div class=\"wpr-grid-item-inner\"><div class=\"wpr-grid-item-above-content elementor-clearfix\"><h2 class=\"wpr-grid-item-title elementor-repeater-item-e266e78 wpr-grid-item-display-block wpr-grid-item-align-left wpr-pointer-none wpr-pointer-line-fx wpr-pointer-fx-fade\"><div class=\"inner-block\"><a target=\"_self\"  href=\"https:\/\/lenatarim.com.tr\/en\/lena-film\/\">LENA FILM<\/a><\/div><\/h2><\/div><\/div><\/article><article class=\"wpr-grid-item elementor-clearfix post-13671 post type-post status-publish format-standard has-post-thumbnail hentry category-other-products tag-other-products\"><div class=\"wpr-grid-item-inner\"><div class=\"wpr-grid-item-above-content elementor-clearfix\"><h2 class=\"wpr-grid-item-title elementor-repeater-item-e266e78 wpr-grid-item-display-block wpr-grid-item-align-left wpr-pointer-none wpr-pointer-line-fx wpr-pointer-fx-fade\"><div class=\"inner-block\"><a target=\"_self\"  href=\"https:\/\/lenatarim.com.tr\/en\/lenagro-ph\/\">LENAGRO PH<\/a><\/div><\/h2><\/div><div class=\"wpr-grid-media-wrap wpr-effect-size-medium \" data-overlay-link=\"yes\"><div class=\"wpr-grid-image-wrap\" data-src=\"https:\/\/lenatarim.com.tr\/wp-content\/uploads\/2025\/04\/agro-ph-new-768x768.png\" data-img-on-hover=\"\"  data-src-secondary=\"\"><img decoding=\"async\" data-no-lazy=\"1\" src=\"https:\/\/lenatarim.com.tr\/wp-content\/uploads\/2025\/04\/agro-ph-new-768x768.png\" alt=\"LENAGRO PH\" class=\"wpr-anim-timing-ease-default\"><\/div><div class=\"wpr-grid-media-hover wpr-animation-wrap\"><div class=\"wpr-grid-media-hover-bg  wpr-overlay-fade-in wpr-anim-size-large wpr-anim-timing-ease-default wpr-anim-transparency\" data-url=\"https:\/\/lenatarim.com.tr\/en\/lenagro-ph\/\"><\/div><\/div><\/div><\/div><\/article><article class=\"wpr-grid-item elementor-clearfix post-13676 post type-post status-publish format-standard hentry category-other-products tag-other-products\"><div class=\"wpr-grid-item-inner\"><div class=\"wpr-grid-item-above-content elementor-clearfix\"><h2 class=\"wpr-grid-item-title elementor-repeater-item-e266e78 wpr-grid-item-display-block wpr-grid-item-align-left wpr-pointer-none wpr-pointer-line-fx wpr-pointer-fx-fade\"><div class=\"inner-block\"><a target=\"_self\"  href=\"https:\/\/lenatarim.com.tr\/en\/phidelity-film\/\">PHIDELITY FILM<\/a><\/div><\/h2><\/div><\/div><\/article><article class=\"wpr-grid-item elementor-clearfix post-13682 post type-post status-publish format-standard has-post-thumbnail hentry category-other-products tag-other-products\"><div class=\"wpr-grid-item-inner\"><div class=\"wpr-grid-item-above-content elementor-clearfix\"><h2 class=\"wpr-grid-item-title elementor-repeater-item-e266e78 wpr-grid-item-display-block wpr-grid-item-align-left wpr-pointer-none wpr-pointer-line-fx wpr-pointer-fx-fade\"><div class=\"inner-block\"><a target=\"_self\"  href=\"https:\/\/lenatarim.com.tr\/en\/lena-masterwax\/\">LENA MASTERWAX<\/a><\/div><\/h2><\/div><div class=\"wpr-grid-media-wrap wpr-effect-size-medium \" data-overlay-link=\"yes\"><div class=\"wpr-grid-image-wrap\" data-src=\"https:\/\/lenatarim.com.tr\/wp-content\/uploads\/2025\/04\/masterwax-768x768.png\" data-img-on-hover=\"\"  data-src-secondary=\"\"><img decoding=\"async\" data-no-lazy=\"1\" src=\"https:\/\/lenatarim.com.tr\/wp-content\/uploads\/2025\/04\/masterwax-768x768.png\" alt=\"LENA MASTERWAX\" class=\"wpr-anim-timing-ease-default\"><\/div><div class=\"wpr-grid-media-hover wpr-animation-wrap\"><div class=\"wpr-grid-media-hover-bg  wpr-overlay-fade-in wpr-anim-size-large wpr-anim-timing-ease-default wpr-anim-transparency\" data-url=\"https:\/\/lenatarim.com.tr\/en\/lena-masterwax\/\"><\/div><\/div><\/div><\/div><\/article><article class=\"wpr-grid-item elementor-clearfix post-13688 post type-post status-publish format-standard hentry category-other-products tag-other-products\"><div class=\"wpr-grid-item-inner\"><div class=\"wpr-grid-item-above-content elementor-clearfix\"><h2 class=\"wpr-grid-item-title elementor-repeater-item-e266e78 wpr-grid-item-display-block wpr-grid-item-align-left wpr-pointer-none wpr-pointer-line-fx wpr-pointer-fx-fade\"><div class=\"inner-block\"><a target=\"_self\"  href=\"https:\/\/lenatarim.com.tr\/en\/lena-full-spread\/\">LENA FULL SPREAD<\/a><\/div><\/h2><\/div><\/div><\/article><article class=\"wpr-grid-item elementor-clearfix post-13693 post type-post status-publish format-standard hentry category-other-products tag-other-products\"><div class=\"wpr-grid-item-inner\"><div class=\"wpr-grid-item-above-content elementor-clearfix\"><h2 class=\"wpr-grid-item-title elementor-repeater-item-e266e78 wpr-grid-item-display-block wpr-grid-item-align-left wpr-pointer-none wpr-pointer-line-fx wpr-pointer-fx-fade\"><div class=\"inner-block\"><a target=\"_self\"  href=\"https:\/\/lenatarim.com.tr\/en\/lena-chem\/\">LENA CHEM<\/a><\/div><\/h2><\/div><\/div><\/article><article class=\"wpr-grid-item elementor-clearfix post-13698 post type-post status-publish format-standard hentry category-other-products tag-other-products\"><div class=\"wpr-grid-item-inner\"><div class=\"wpr-grid-item-above-content elementor-clearfix\"><h2 class=\"wpr-grid-item-title elementor-repeater-item-e266e78 wpr-grid-item-display-block wpr-grid-item-align-left wpr-pointer-none wpr-pointer-line-fx wpr-pointer-fx-fade\"><div class=\"inner-block\"><a target=\"_self\"  href=\"https:\/\/lenatarim.com.tr\/en\/easy-mix\/\">EASY MIX<\/a><\/div><\/h2><\/div><\/div><\/article><\/section>\t\t\t\t<\/div>\n\t\t\t\t<\/div>\n\t\t\t\t<\/div>\n\t\t\t\t\t<\/div>\n\t\t\t\t<\/div>\n\t\t\t\t<\/div>\n\t\t","protected":false},"excerpt":{"rendered":"<p>PRODUCTS LENA CHEM LENA CHEM OTHER PRODUCTS LENA-CHEM preserves the golden yellow color of dried grapes, facilitates easy preparation of the dipping solution, and ensures the mixture remains homogeneous for a long time. It leaves no residue, which improves the quality of dried grapes. PACKAGING: 100mL OTHER PRODUCTS: All Posts D\u0130\u011eER \u00dcR\u00dcNLER LENA FILM LENAGRO PH PHIDELITY FILM LENA MASTERWAX LENA FULL SPREAD LENA CHEM EASY MIX<\/p>\n","protected":false},"author":1,"featured_media":0,"parent":0,"menu_order":0,"comment_status":"closed","ping_status":"closed","template":"elementor_canvas","meta":{"footnotes":""},"class_list":["post-13690","page","type-page","status-publish","hentry"],"_links":{"self":[{"href":"https:\/\/lenatarim.com.tr\/en\/wp-json\/wp\/v2\/pages\/13690","targetHints":{"allow":["GET"]}}],"collection":[{"href":"https:\/\/lenatarim.com.tr\/en\/wp-json\/wp\/v2\/pages"}],"about":[{"href":"https:\/\/lenatarim.com.tr\/en\/wp-json\/wp\/v2\/types\/page"}],"author":[{"embeddable":true,"href":"https:\/\/lenatarim.com.tr\/en\/wp-json\/wp\/v2\/users\/1"}],"replies":[{"embeddable":true,"href":"https:\/\/lenatarim.com.tr\/en\/wp-json\/wp\/v2\/comments?post=13690"}],"version-history":[{"count":1,"href":"https:\/\/lenatarim.com.tr\/en\/wp-json\/wp\/v2\/pages\/13690\/revisions"}],"predecessor-version":[{"id":13691,"href":"https:\/\/lenatarim.com.tr\/en\/wp-json\/wp\/v2\/pages\/13690\/revisions\/13691"}],"wp:attachment":[{"href":"https:\/\/lenatarim.com.tr\/en\/wp-json\/wp\/v2\/media?parent=13690"}],"curies":[{"name":"wp","href":"https:\/\/api.w.org\/{rel}","templated":true}]}}