{"id":12528,"date":"2024-10-28T09:16:53","date_gmt":"2024-10-28T04:46:53","guid":{"rendered":"https:\/\/demo.lenatarim.com.tr\/organic-fertilizer\/"},"modified":"2026-02-09T10:55:57","modified_gmt":"2026-02-09T06:25:57","slug":"organic-fertilizer","status":"publish","type":"page","link":"https:\/\/lenatarim.com.tr\/en\/organic-fertilizer\/","title":{"rendered":"ORGANIC FERTILIZER"},"content":{"rendered":"\t\t<div data-elementor-type=\"wp-page\" data-elementor-id=\"12528\" class=\"elementor elementor-12528 elementor-6989\">\n\t\t\t\t<div class=\"elementor-element elementor-element-345b54e e-con-full e-flex wpr-particle-no wpr-jarallax-no wpr-parallax-no wpr-sticky-section-no e-con e-parent\" data-id=\"345b54e\" data-element_type=\"container\" data-settings=\"{&quot;background_background&quot;:&quot;classic&quot;,&quot;shape_divider_bottom_negative&quot;:&quot;yes&quot;,&quot;shape_divider_bottom&quot;:&quot;curve&quot;}\">\n\t\t\t\t<div class=\"elementor-shape elementor-shape-bottom\" aria-hidden=\"true\" data-negative=\"true\">\n\t\t\t<svg xmlns=\"http:\/\/www.w3.org\/2000\/svg\" viewBox=\"0 0 1000 100\" preserveAspectRatio=\"none\">\n\t<path class=\"elementor-shape-fill\" d=\"M500,97C126.7,96.3,0.8,19.8,0,0v100l1000,0V1C1000,19.4,873.3,97.8,500,97z\"\/>\n<\/svg>\t\t<\/div>\n\t\t<div class=\"elementor-element elementor-element-da1ff1c e-con-full e-flex wpr-particle-no wpr-jarallax-no wpr-parallax-no wpr-sticky-section-no e-con e-child\" data-id=\"da1ff1c\" data-element_type=\"container\" data-settings=\"{&quot;background_background&quot;:&quot;classic&quot;}\">\n\t\t\t\t<div class=\"elementor-element elementor-element-37c8f37 elementor-widget elementor-widget-heading\" data-id=\"37c8f37\" data-element_type=\"widget\" data-widget_type=\"heading.default\">\n\t\t\t\t<div class=\"elementor-widget-container\">\n\t\t\t\t\t<h2 class=\"elementor-heading-title elementor-size-default\">ORGANIC FERTILIZERS<\/h2>\t\t\t\t<\/div>\n\t\t\t\t<\/div>\n\t\t\t\t<\/div>\n\t\t\t\t<\/div>\n\t\t<div class=\"elementor-element elementor-element-f930d65 e-flex e-con-boxed wpr-particle-no wpr-jarallax-no wpr-parallax-no wpr-sticky-section-no e-con e-parent\" data-id=\"f930d65\" data-element_type=\"container\">\n\t\t\t\t\t<div class=\"e-con-inner\">\n\t\t\t\t<div class=\"elementor-element elementor-element-a07b8d1 wpr-item-styles-wrapper wpr-grid-columns-3 wpr-grid-columns--laptop3 wpr-grid-columns--tablet2 wpr-grid-columns--mobile1 elementor-invisible elementor-widget elementor-widget-wpr-grid\" data-id=\"a07b8d1\" data-element_type=\"widget\" data-settings=\"{&quot;_animation&quot;:&quot;fadeIn&quot;}\" data-widget_type=\"wpr-grid.default\">\n\t\t\t\t<div class=\"elementor-widget-container\">\n\t\t\t\t\t<ul class=\"wpr-grid-filters elementor-clearfix wpr-grid-filters-sep-right\"><li class=\" wpr-pointer-none wpr-pointer-line-fx wpr-pointer-fx-none\"><span   data-ajax-filter=[\"category\",\"organik-gubre\"]  data-filter=\".category-organik-gubre\">ORGAN\u0130K G\u00dcBRE<\/span><em class=\"wpr-grid-filters-sep\"><\/em><\/li><\/ul><section class=\"wpr-grid elementor-clearfix\" data-settings=\"{&quot;layout&quot;:&quot;fitRows&quot;,&quot;stick_last_element_to_bottom&quot;:&quot;&quot;,&quot;columns_desktop&quot;:3,&quot;gutter_hr&quot;:40,&quot;gutter_hr_mobile&quot;:30,&quot;gutter_hr_mobile_extra&quot;:30,&quot;gutter_hr_tablet&quot;:30,&quot;gutter_hr_tablet_extra&quot;:30,&quot;gutter_hr_laptop&quot;:30,&quot;gutter_hr_widescreen&quot;:40,&quot;gutter_vr&quot;:40,&quot;gutter_vr_mobile&quot;:30,&quot;gutter_vr_mobile_extra&quot;:30,&quot;gutter_vr_tablet&quot;:30,&quot;gutter_vr_tablet_extra&quot;:30,&quot;gutter_vr_laptop&quot;:30,&quot;gutter_vr_widescreen&quot;:40,&quot;animation&quot;:&quot;default&quot;,&quot;animation_duration&quot;:0.3,&quot;animation_delay&quot;:0.1,&quot;deeplinking&quot;:&quot;&quot;,&quot;filters_linkable&quot;:&quot;no&quot;,&quot;filters_default_filter&quot;:&quot;&quot;,&quot;filters_count&quot;:&quot;&quot;,&quot;filters_hide_empty&quot;:&quot;no&quot;,&quot;filters_animation&quot;:&quot;default&quot;,&quot;filters_animation_duration&quot;:0.3,&quot;filters_animation_delay&quot;:0.1,&quot;pagination_type&quot;:&quot;load-more&quot;,&quot;pagination_max_pages&quot;:1,&quot;lightbox&quot;:{&quot;selector&quot;:&quot;.wpr-grid-image-wrap&quot;,&quot;iframeMaxWidth&quot;:&quot;60%&quot;,&quot;hash&quot;:false,&quot;autoplay&quot;:&quot;true&quot;,&quot;pause&quot;:5000,&quot;progressBar&quot;:&quot;true&quot;,&quot;counter&quot;:&quot;true&quot;,&quot;controls&quot;:&quot;true&quot;,&quot;getCaptionFromTitleOrAlt&quot;:&quot;true&quot;,&quot;thumbnail&quot;:&quot;&quot;,&quot;showThumbByDefault&quot;:&quot;&quot;,&quot;share&quot;:&quot;&quot;,&quot;zoom&quot;:&quot;true&quot;,&quot;fullScreen&quot;:&quot;true&quot;,&quot;download&quot;:&quot;true&quot;}}\"><article class=\"wpr-grid-item elementor-clearfix post-13147 post type-post status-publish format-standard hentry category-organic-fertilizer tag-organic-fertilizer\"><div class=\"wpr-grid-item-inner\"><div class=\"wpr-grid-item-below-content elementor-clearfix\"><h2 class=\"wpr-grid-item-title elementor-repeater-item-8725c9f wpr-grid-item-display-block wpr-grid-item-align-left wpr-pointer-none wpr-pointer-line-fx wpr-pointer-fx-fade\"><div class=\"inner-block\"><a target=\"_self\"  href=\"https:\/\/lenatarim.com.tr\/en\/amino-power\/\">AMINO POWER<\/a><\/div><\/h2><div class=\"wpr-grid-item-excerpt elementor-repeater-item-63c44da wpr-grid-item-display-block wpr-grid-item-align-left\"><div class=\"inner-block\"><p>LIQUID ORGANIC FERTILIZER CONTAINING PLANT-BASED AMINO ACIDS<\/p><\/div><\/div><div class=\"wpr-grid-item-read-more elementor-repeater-item-d94bab2 wpr-grid-item-display-block wpr-grid-item-align-left\"><div class=\"inner-block\"><a target=\"_self\" href=\"https:\/\/lenatarim.com.tr\/en\/amino-power\/\" class=\"wpr-button-effect wpr-button-none\"><span>Explore<\/span><\/a><\/div><\/div><div class=\"wpr-grid-item-category elementor-repeater-item-74088b1 wpr-grid-item-display-block wpr-grid-item-align-left wpr-pointer-none wpr-pointer-line-fx wpr-pointer-fx-fade wpr-grid-tax-style-2\"><div class=\"inner-block\"><a class=\" wpr-tax-id-146\" href=\"https:\/\/lenatarim.com.tr\/en\/category\/organic-fertilizer\/\">ORGANIC FERTILIZER<\/a><\/div><\/div><\/div><\/div><\/article><article class=\"wpr-grid-item elementor-clearfix post-13162 post type-post status-publish format-standard hentry category-organic-fertilizer tag-organic-fertilizer\"><div class=\"wpr-grid-item-inner\"><div class=\"wpr-grid-item-below-content elementor-clearfix\"><h2 class=\"wpr-grid-item-title elementor-repeater-item-8725c9f wpr-grid-item-display-block wpr-grid-item-align-left wpr-pointer-none wpr-pointer-line-fx wpr-pointer-fx-fade\"><div class=\"inner-block\"><a target=\"_self\"  href=\"https:\/\/lenatarim.com.tr\/en\/locean\/\">LOCEAN<\/a><\/div><\/h2><div class=\"wpr-grid-item-excerpt elementor-repeater-item-63c44da wpr-grid-item-display-block wpr-grid-item-align-left\"><div class=\"inner-block\"><p>ORGANIC-BASED PRODUCTS SOLID SEAWEED<\/p><\/div><\/div><div class=\"wpr-grid-item-read-more elementor-repeater-item-d94bab2 wpr-grid-item-display-block wpr-grid-item-align-left\"><div class=\"inner-block\"><a target=\"_self\" href=\"https:\/\/lenatarim.com.tr\/en\/locean\/\" class=\"wpr-button-effect wpr-button-none\"><span>Explore<\/span><\/a><\/div><\/div><div class=\"wpr-grid-item-category elementor-repeater-item-74088b1 wpr-grid-item-display-block wpr-grid-item-align-left wpr-pointer-none wpr-pointer-line-fx wpr-pointer-fx-fade wpr-grid-tax-style-2\"><div class=\"inner-block\"><a class=\" wpr-tax-id-146\" href=\"https:\/\/lenatarim.com.tr\/en\/category\/organic-fertilizer\/\">ORGANIC FERTILIZER<\/a><\/div><\/div><\/div><\/div><\/article><article class=\"wpr-grid-item elementor-clearfix post-13168 post type-post status-publish format-standard hentry category-organic-fertilizer tag-organic-fertilizer\"><div class=\"wpr-grid-item-inner\"><div class=\"wpr-grid-item-below-content elementor-clearfix\"><h2 class=\"wpr-grid-item-title elementor-repeater-item-8725c9f wpr-grid-item-display-block wpr-grid-item-align-left wpr-pointer-none wpr-pointer-line-fx wpr-pointer-fx-fade\"><div class=\"inner-block\"><a target=\"_self\"  href=\"https:\/\/lenatarim.com.tr\/en\/aminomaster\/\">AMINOMASTER<\/a><\/div><\/h2><div class=\"wpr-grid-item-excerpt elementor-repeater-item-63c44da wpr-grid-item-display-block wpr-grid-item-align-left\"><div class=\"inner-block\"><p>ORGANIC PRODUCT - SOLID ORGANIC FERTILIZER CONTAINING PLANT-BASED AMINO ACIDS<\/p><\/div><\/div><div class=\"wpr-grid-item-read-more elementor-repeater-item-d94bab2 wpr-grid-item-display-block wpr-grid-item-align-left\"><div class=\"inner-block\"><a target=\"_self\" href=\"https:\/\/lenatarim.com.tr\/en\/aminomaster\/\" class=\"wpr-button-effect wpr-button-none\"><span>Explore<\/span><\/a><\/div><\/div><div class=\"wpr-grid-item-category elementor-repeater-item-74088b1 wpr-grid-item-display-block wpr-grid-item-align-left wpr-pointer-none wpr-pointer-line-fx wpr-pointer-fx-fade wpr-grid-tax-style-2\"><div class=\"inner-block\"><a class=\" wpr-tax-id-146\" href=\"https:\/\/lenatarim.com.tr\/en\/category\/organic-fertilizer\/\">ORGANIC FERTILIZER<\/a><\/div><\/div><\/div><\/div><\/article><article class=\"wpr-grid-item elementor-clearfix post-13174 post type-post status-publish format-standard has-post-thumbnail hentry category-organic-fertilizer tag-organic-fertilizer\"><div class=\"wpr-grid-item-inner\"><div class=\"wpr-grid-media-wrap wpr-effect-size-medium \" data-overlay-link=\"yes\"><div class=\"wpr-grid-image-wrap\" data-src=\"https:\/\/lenatarim.com.tr\/wp-content\/uploads\/2025\/09\/AMINORICH-768x768.png\" data-img-on-hover=\"\"  data-src-secondary=\"\"><img decoding=\"async\" data-no-lazy=\"1\" src=\"https:\/\/lenatarim.com.tr\/wp-content\/uploads\/2025\/09\/AMINORICH-768x768.png\" alt=\"AMINORICH\" class=\"wpr-anim-timing-ease-default\"><\/div><div class=\"wpr-grid-media-hover wpr-animation-wrap\"><div class=\"wpr-grid-media-hover-bg  wpr-overlay-fade-in wpr-anim-size-large wpr-anim-timing-ease-default wpr-anim-transparency\" data-url=\"https:\/\/lenatarim.com.tr\/en\/aminorich\/\"><\/div><\/div><\/div><div class=\"wpr-grid-item-below-content elementor-clearfix\"><h2 class=\"wpr-grid-item-title elementor-repeater-item-8725c9f wpr-grid-item-display-block wpr-grid-item-align-left wpr-pointer-none wpr-pointer-line-fx wpr-pointer-fx-fade\"><div class=\"inner-block\"><a target=\"_self\"  href=\"https:\/\/lenatarim.com.tr\/en\/aminorich\/\">AMINORICH<\/a><\/div><\/h2><div class=\"wpr-grid-item-excerpt elementor-repeater-item-63c44da wpr-grid-item-display-block wpr-grid-item-align-left\"><div class=\"inner-block\"><p>ORGANIC PRODUCTS - SOLID ORGANIC FERTILIZER CONTAINING PLANT-BASED AMINO ACIDS (SOY)<\/p><\/div><\/div><div class=\"wpr-grid-item-read-more elementor-repeater-item-d94bab2 wpr-grid-item-display-block wpr-grid-item-align-left\"><div class=\"inner-block\"><a target=\"_self\" href=\"https:\/\/lenatarim.com.tr\/en\/aminorich\/\" class=\"wpr-button-effect wpr-button-none\"><span>Explore<\/span><\/a><\/div><\/div><div class=\"wpr-grid-item-category elementor-repeater-item-74088b1 wpr-grid-item-display-block wpr-grid-item-align-left wpr-pointer-none wpr-pointer-line-fx wpr-pointer-fx-fade wpr-grid-tax-style-2\"><div class=\"inner-block\"><a class=\" wpr-tax-id-146\" href=\"https:\/\/lenatarim.com.tr\/en\/category\/organic-fertilizer\/\">ORGANIC FERTILIZER<\/a><\/div><\/div><\/div><\/div><\/article><article class=\"wpr-grid-item elementor-clearfix post-13177 post type-post status-publish format-standard hentry category-organic-fertilizer tag-organic-fertilizer\"><div class=\"wpr-grid-item-inner\"><div class=\"wpr-grid-item-below-content elementor-clearfix\"><h2 class=\"wpr-grid-item-title elementor-repeater-item-8725c9f wpr-grid-item-display-block wpr-grid-item-align-left wpr-pointer-none wpr-pointer-line-fx wpr-pointer-fx-fade\"><div class=\"inner-block\"><a target=\"_self\"  href=\"https:\/\/lenatarim.com.tr\/en\/amiral\/\">AMIRAL<\/a><\/div><\/h2><div class=\"wpr-grid-item-excerpt elementor-repeater-item-63c44da wpr-grid-item-display-block wpr-grid-item-align-left\"><div class=\"inner-block\"><p>ORGANIC SOURCE PRODUCTS - LIQUID SEAWEED<\/p><\/div><\/div><div class=\"wpr-grid-item-read-more elementor-repeater-item-d94bab2 wpr-grid-item-display-block wpr-grid-item-align-left\"><div class=\"inner-block\"><a target=\"_self\" href=\"https:\/\/lenatarim.com.tr\/en\/amiral\/\" class=\"wpr-button-effect wpr-button-none\"><span>Explore<\/span><\/a><\/div><\/div><div class=\"wpr-grid-item-category elementor-repeater-item-74088b1 wpr-grid-item-display-block wpr-grid-item-align-left wpr-pointer-none wpr-pointer-line-fx wpr-pointer-fx-fade wpr-grid-tax-style-2\"><div class=\"inner-block\"><a class=\" wpr-tax-id-146\" href=\"https:\/\/lenatarim.com.tr\/en\/category\/organic-fertilizer\/\">ORGANIC FERTILIZER<\/a><\/div><\/div><\/div><\/div><\/article><article class=\"wpr-grid-item elementor-clearfix post-13193 post type-post status-publish format-standard hentry category-organic-fertilizer tag-organic-fertilizer\"><div class=\"wpr-grid-item-inner\"><div class=\"wpr-grid-item-below-content elementor-clearfix\"><h2 class=\"wpr-grid-item-title elementor-repeater-item-8725c9f wpr-grid-item-display-block wpr-grid-item-align-left wpr-pointer-none wpr-pointer-line-fx wpr-pointer-fx-fade\"><div class=\"inner-block\"><a target=\"_self\"  href=\"https:\/\/lenatarim.com.tr\/en\/fulvo-star\/\">FULVO STAR<\/a><\/div><\/h2><div class=\"wpr-grid-item-excerpt elementor-repeater-item-63c44da wpr-grid-item-display-block wpr-grid-item-align-left\"><div class=\"inner-block\"><p>ORGANIC SOURCE PRODUCTS - FULVIC ACID<\/p><\/div><\/div><div class=\"wpr-grid-item-read-more elementor-repeater-item-d94bab2 wpr-grid-item-display-block wpr-grid-item-align-left\"><div class=\"inner-block\"><a target=\"_self\" href=\"https:\/\/lenatarim.com.tr\/en\/fulvo-star\/\" class=\"wpr-button-effect wpr-button-none\"><span>Explore<\/span><\/a><\/div><\/div><div class=\"wpr-grid-item-category elementor-repeater-item-74088b1 wpr-grid-item-display-block wpr-grid-item-align-left wpr-pointer-none wpr-pointer-line-fx wpr-pointer-fx-fade wpr-grid-tax-style-2\"><div class=\"inner-block\"><a class=\" wpr-tax-id-146\" href=\"https:\/\/lenatarim.com.tr\/en\/category\/organic-fertilizer\/\">ORGANIC FERTILIZER<\/a><\/div><\/div><\/div><\/div><\/article><article class=\"wpr-grid-item elementor-clearfix post-13197 post type-post status-publish format-standard hentry category-organic-fertilizer tag-organic-fertilizer\"><div class=\"wpr-grid-item-inner\"><div class=\"wpr-grid-item-below-content elementor-clearfix\"><h2 class=\"wpr-grid-item-title elementor-repeater-item-8725c9f wpr-grid-item-display-block wpr-grid-item-align-left wpr-pointer-none wpr-pointer-line-fx wpr-pointer-fx-fade\"><div class=\"inner-block\"><a target=\"_self\"  href=\"https:\/\/lenatarim.com.tr\/en\/chill\/\">CHILL<\/a><\/div><\/h2><div class=\"wpr-grid-item-excerpt elementor-repeater-item-63c44da wpr-grid-item-display-block wpr-grid-item-align-left\"><div class=\"inner-block\"><p>ORGANIC PRODUCTS - PLANT-BASED LIQUID ORGANIC FERTILIZER<\/p><\/div><\/div><div class=\"wpr-grid-item-read-more elementor-repeater-item-d94bab2 wpr-grid-item-display-block wpr-grid-item-align-left\"><div class=\"inner-block\"><a target=\"_self\" href=\"https:\/\/lenatarim.com.tr\/en\/chill\/\" class=\"wpr-button-effect wpr-button-none\"><span>Explore<\/span><\/a><\/div><\/div><div class=\"wpr-grid-item-category elementor-repeater-item-74088b1 wpr-grid-item-display-block wpr-grid-item-align-left wpr-pointer-none wpr-pointer-line-fx wpr-pointer-fx-fade wpr-grid-tax-style-2\"><div class=\"inner-block\"><a class=\" wpr-tax-id-146\" href=\"https:\/\/lenatarim.com.tr\/en\/category\/organic-fertilizer\/\">ORGANIC FERTILIZER<\/a><\/div><\/div><\/div><\/div><\/article><article class=\"wpr-grid-item elementor-clearfix post-13204 post type-post status-publish format-standard has-post-thumbnail hentry category-organic-fertilizer tag-organic-fertilizer\"><div class=\"wpr-grid-item-inner\"><div class=\"wpr-grid-media-wrap wpr-effect-size-medium \" data-overlay-link=\"yes\"><div class=\"wpr-grid-image-wrap\" data-src=\"https:\/\/lenatarim.com.tr\/wp-content\/uploads\/2025\/09\/humipower-new-768x768.png\" data-img-on-hover=\"\"  data-src-secondary=\"\"><img decoding=\"async\" data-no-lazy=\"1\" src=\"https:\/\/lenatarim.com.tr\/wp-content\/uploads\/2025\/09\/humipower-new-768x768.png\" alt=\"HUMIPOWER\" class=\"wpr-anim-timing-ease-default\"><\/div><div class=\"wpr-grid-media-hover wpr-animation-wrap\"><div class=\"wpr-grid-media-hover-bg  wpr-overlay-fade-in wpr-anim-size-large wpr-anim-timing-ease-default wpr-anim-transparency\" data-url=\"https:\/\/lenatarim.com.tr\/en\/humipower\/\"><\/div><\/div><\/div><div class=\"wpr-grid-item-below-content elementor-clearfix\"><h2 class=\"wpr-grid-item-title elementor-repeater-item-8725c9f wpr-grid-item-display-block wpr-grid-item-align-left wpr-pointer-none wpr-pointer-line-fx wpr-pointer-fx-fade\"><div class=\"inner-block\"><a target=\"_self\"  href=\"https:\/\/lenatarim.com.tr\/en\/humipower\/\">HUMIPOWER<\/a><\/div><\/h2><div class=\"wpr-grid-item-excerpt elementor-repeater-item-63c44da wpr-grid-item-display-block wpr-grid-item-align-left\"><div class=\"inner-block\"><p>ORGANIC SOURCE PRODUCTS - POTASSIUM HUMATE<\/p><\/div><\/div><div class=\"wpr-grid-item-read-more elementor-repeater-item-d94bab2 wpr-grid-item-display-block wpr-grid-item-align-left\"><div class=\"inner-block\"><a target=\"_self\" href=\"https:\/\/lenatarim.com.tr\/en\/humipower\/\" class=\"wpr-button-effect wpr-button-none\"><span>Explore<\/span><\/a><\/div><\/div><div class=\"wpr-grid-item-category elementor-repeater-item-74088b1 wpr-grid-item-display-block wpr-grid-item-align-left wpr-pointer-none wpr-pointer-line-fx wpr-pointer-fx-fade wpr-grid-tax-style-2\"><div class=\"inner-block\"><a class=\" wpr-tax-id-146\" href=\"https:\/\/lenatarim.com.tr\/en\/category\/organic-fertilizer\/\">ORGANIC FERTILIZER<\/a><\/div><\/div><\/div><\/div><\/article><article class=\"wpr-grid-item elementor-clearfix post-13209 post type-post status-publish format-standard hentry category-organic-fertilizer tag-organic-fertilizer\"><div class=\"wpr-grid-item-inner\"><div class=\"wpr-grid-item-below-content elementor-clearfix\"><h2 class=\"wpr-grid-item-title elementor-repeater-item-8725c9f wpr-grid-item-display-block wpr-grid-item-align-left wpr-pointer-none wpr-pointer-line-fx wpr-pointer-fx-fade\"><div class=\"inner-block\"><a target=\"_self\"  href=\"https:\/\/lenatarim.com.tr\/en\/mammut\/\">MAMMUT<\/a><\/div><\/h2><div class=\"wpr-grid-item-excerpt elementor-repeater-item-63c44da wpr-grid-item-display-block wpr-grid-item-align-left\"><div class=\"inner-block\"><p>ORGANIC PRODUCTS -PLANT-BASED LIQUID ORGANIC FERTILIZER<\/p><\/div><\/div><div class=\"wpr-grid-item-read-more elementor-repeater-item-d94bab2 wpr-grid-item-display-block wpr-grid-item-align-left\"><div class=\"inner-block\"><a target=\"_self\" href=\"https:\/\/lenatarim.com.tr\/en\/mammut\/\" class=\"wpr-button-effect wpr-button-none\"><span>Explore<\/span><\/a><\/div><\/div><div class=\"wpr-grid-item-category elementor-repeater-item-74088b1 wpr-grid-item-display-block wpr-grid-item-align-left wpr-pointer-none wpr-pointer-line-fx wpr-pointer-fx-fade wpr-grid-tax-style-2\"><div class=\"inner-block\"><a class=\" wpr-tax-id-146\" href=\"https:\/\/lenatarim.com.tr\/en\/category\/organic-fertilizer\/\">ORGANIC FERTILIZER<\/a><\/div><\/div><\/div><\/div><\/article><\/section>\t\t\t\t<\/div>\n\t\t\t\t<\/div>\n\t\t\t\t\t<\/div>\n\t\t\t\t<\/div>\n\t\t\t\t<section class=\"elementor-section elementor-top-section elementor-element elementor-element-6110d65 elementor-section-boxed elementor-section-height-default elementor-section-height-default wpr-particle-no wpr-jarallax-no wpr-parallax-no wpr-sticky-section-no\" data-id=\"6110d65\" data-element_type=\"section\" data-settings=\"{&quot;background_background&quot;:&quot;classic&quot;,&quot;shape_divider_top&quot;:&quot;curve&quot;,&quot;shape_divider_top_negative&quot;:&quot;yes&quot;,&quot;shape_divider_bottom&quot;:&quot;curve&quot;}\">\n\t\t\t\t\t<div class=\"elementor-shape elementor-shape-top\" aria-hidden=\"true\" data-negative=\"true\">\n\t\t\t<svg xmlns=\"http:\/\/www.w3.org\/2000\/svg\" viewBox=\"0 0 1000 100\" preserveAspectRatio=\"none\">\n\t<path class=\"elementor-shape-fill\" d=\"M500,97C126.7,96.3,0.8,19.8,0,0v100l1000,0V1C1000,19.4,873.3,97.8,500,97z\"\/>\n<\/svg>\t\t<\/div>\n\t\t\t\t<div class=\"elementor-shape elementor-shape-bottom\" aria-hidden=\"true\" data-negative=\"false\">\n\t\t\t<svg xmlns=\"http:\/\/www.w3.org\/2000\/svg\" viewBox=\"0 0 1000 100\" preserveAspectRatio=\"none\">\n    <path class=\"elementor-shape-fill\" d=\"M1000,4.3V0H0v4.3C0.9,23.1,126.7,99.2,500,100S1000,22.7,1000,4.3z\"\/>\n<\/svg>\t\t<\/div>\n\t\t\t\t\t<div class=\"elementor-container elementor-column-gap-default\">\n\t\t\t\t\t<div class=\"elementor-column elementor-col-100 elementor-top-column elementor-element elementor-element-22612a6 elementor-invisible\" data-id=\"22612a6\" data-element_type=\"column\" data-settings=\"{&quot;animation&quot;:&quot;fadeIn&quot;}\">\n\t\t\t<div class=\"elementor-widget-wrap elementor-element-populated\">\n\t\t\t\t\t\t<div class=\"elementor-element elementor-element-d81172a elementor-widget elementor-widget-heading\" data-id=\"d81172a\" data-element_type=\"widget\" data-widget_type=\"heading.default\">\n\t\t\t\t<div class=\"elementor-widget-container\">\n\t\t\t\t\t<h2 class=\"elementor-heading-title elementor-size-default\">Join the Agricultural Revolution<\/h2>\t\t\t\t<\/div>\n\t\t\t\t<\/div>\n\t\t\t\t<div class=\"elementor-element elementor-element-9249533 elementor-align-center elementor-widget elementor-widget-button\" data-id=\"9249533\" data-element_type=\"widget\" data-widget_type=\"button.default\">\n\t\t\t\t<div class=\"elementor-widget-container\">\n\t\t\t\t\t\t\t\t\t<div class=\"elementor-button-wrapper\">\n\t\t\t\t\t<a class=\"elementor-button elementor-button-link elementor-size-sm\" href=\"#\">\n\t\t\t\t\t\t<span class=\"elementor-button-content-wrapper\">\n\t\t\t\t\t\t\t\t\t<span class=\"elementor-button-text\">Contact Us<\/span>\n\t\t\t\t\t<\/span>\n\t\t\t\t\t<\/a>\n\t\t\t\t<\/div>\n\t\t\t\t\t\t\t\t<\/div>\n\t\t\t\t<\/div>\n\t\t\t\t\t<\/div>\n\t\t<\/div>\n\t\t\t\t\t<\/div>\n\t\t<\/section>\n\t\t\t\t<\/div>\n\t\t","protected":false},"excerpt":{"rendered":"<p>ORGANIC FERTILIZERS ORGAN\u0130K G\u00dcBRE AMINO POWER B\u0130TK\u0130SEL MEN\u015eEL\u0130 AM\u0130NO AS\u0130T \u0130\u00c7EREN SIVI ORGAN\u0130K G\u00dcBRE ExploreORGAN\u0130K G\u00dcBRE LOCEAN ORGANIK KAYNAKLI \u00dcR\u00dcNLER &#8211; KATI DEN\u0130Z YOSUNU ExploreORGAN\u0130K G\u00dcBRE AMINOMASTER ORGAN\u0130K \u00dcR\u00dcN &#8211; B\u0130TK\u0130SEL MEN\u015eEL\u0130 AM\u0130NO AS\u0130T \u0130\u00c7EREN KATI ORGAN\u0130K G\u00dcBRE ExploreORGAN\u0130K G\u00dcBRE AMINORICH ORGAN\u0130K \u00dcR\u00dcNLER &#8211; B\u0130TK\u0130SEL MEN\u015eEL\u0130 AM\u0130NO AS\u0130T \u0130\u00c7EREN KATI ORGAN\u0130K G\u00dcBRE(SOYA) ExploreORGAN\u0130K G\u00dcBRE AMIRAL ORGAN\u0130K KAYNAKLI \u00dcR\u00dcNLER &#8211; SIVI DEN\u0130Z YOSUNU ExploreORGAN\u0130K G\u00dcBRE FULVO STAR ORGAN\u0130K KAYNAKLI \u00dcR\u00dcNLER &#8211; FULV\u0130K AS\u0130T ExploreORGAN\u0130K G\u00dcBRE CHILL ORGAN\u0130K \u00dcR\u00dcNLER &#8211; B\u0130TK\u0130SEL MEN\u015eEL\u0130 SIVI ORGAN\u0130K G\u00dcBRE ExploreORGAN\u0130K G\u00dcBRE HUMIPOWER ORGAN\u0130K KAYNAKLI \u00dcR\u00dcNLER &#8211; POTASYUM HUMAT ExploreORGAN\u0130K G\u00dcBRE MAMMUT ORGAN\u0130K \u00dcR\u00dcNLER &#8211; B\u0130TK\u0130SEL MEN\u015eEL\u0130 SIVI ORGAN\u0130K G\u00dcBRE ExploreORGAN\u0130K G\u00dcBRE Join the Agricultural Revolution Contact Us<\/p>\n","protected":false},"author":1,"featured_media":12527,"parent":0,"menu_order":0,"comment_status":"closed","ping_status":"closed","template":"elementor_canvas","meta":{"footnotes":""},"class_list":["post-12528","page","type-page","status-publish","has-post-thumbnail","hentry"],"_links":{"self":[{"href":"https:\/\/lenatarim.com.tr\/en\/wp-json\/wp\/v2\/pages\/12528","targetHints":{"allow":["GET"]}}],"collection":[{"href":"https:\/\/lenatarim.com.tr\/en\/wp-json\/wp\/v2\/pages"}],"about":[{"href":"https:\/\/lenatarim.com.tr\/en\/wp-json\/wp\/v2\/types\/page"}],"author":[{"embeddable":true,"href":"https:\/\/lenatarim.com.tr\/en\/wp-json\/wp\/v2\/users\/1"}],"replies":[{"embeddable":true,"href":"https:\/\/lenatarim.com.tr\/en\/wp-json\/wp\/v2\/comments?post=12528"}],"version-history":[{"count":8,"href":"https:\/\/lenatarim.com.tr\/en\/wp-json\/wp\/v2\/pages\/12528\/revisions"}],"predecessor-version":[{"id":14937,"href":"https:\/\/lenatarim.com.tr\/en\/wp-json\/wp\/v2\/pages\/12528\/revisions\/14937"}],"wp:featuredmedia":[{"embeddable":true,"href":"https:\/\/lenatarim.com.tr\/en\/wp-json\/wp\/v2\/media\/12527"}],"wp:attachment":[{"href":"https:\/\/lenatarim.com.tr\/en\/wp-json\/wp\/v2\/media?parent=12528"}],"curies":[{"name":"wp","href":"https:\/\/api.w.org\/{rel}","templated":true}]}}