{"id":12503,"date":"2024-10-26T11:12:24","date_gmt":"2024-10-26T06:42:24","guid":{"rendered":"https:\/\/demo.lenatarim.com.tr\/plant-growth-regulator-pgr\/"},"modified":"2026-02-09T10:49:22","modified_gmt":"2026-02-09T06:19:22","slug":"plant-growth-regulator-pgr","status":"publish","type":"page","link":"https:\/\/lenatarim.com.tr\/en\/plant-growth-regulator-pgr\/","title":{"rendered":"PLANT GROWTH REGULATOR (PGR)"},"content":{"rendered":"\t\t<div data-elementor-type=\"wp-page\" data-elementor-id=\"12503\" class=\"elementor elementor-12503 elementor-6388\">\n\t\t\t\t<div class=\"elementor-element elementor-element-6ff2ec9 e-con-full e-flex wpr-particle-no wpr-jarallax-no wpr-parallax-no wpr-sticky-section-no e-con e-parent\" data-id=\"6ff2ec9\" data-element_type=\"container\" data-settings=\"{&quot;background_background&quot;:&quot;classic&quot;,&quot;shape_divider_bottom_negative&quot;:&quot;yes&quot;,&quot;shape_divider_bottom&quot;:&quot;curve&quot;}\">\n\t\t\t\t<div class=\"elementor-shape elementor-shape-bottom\" aria-hidden=\"true\" data-negative=\"true\">\n\t\t\t<svg xmlns=\"http:\/\/www.w3.org\/2000\/svg\" viewBox=\"0 0 1000 100\" preserveAspectRatio=\"none\">\n\t<path class=\"elementor-shape-fill\" d=\"M500,97C126.7,96.3,0.8,19.8,0,0v100l1000,0V1C1000,19.4,873.3,97.8,500,97z\"\/>\n<\/svg>\t\t<\/div>\n\t\t<div class=\"elementor-element elementor-element-430d99b e-con-full e-flex wpr-particle-no wpr-jarallax-no wpr-parallax-no wpr-sticky-section-no e-con e-child\" data-id=\"430d99b\" data-element_type=\"container\" data-settings=\"{&quot;background_background&quot;:&quot;classic&quot;}\">\n\t\t\t\t<div class=\"elementor-element elementor-element-8242648 elementor-widget elementor-widget-heading\" data-id=\"8242648\" data-element_type=\"widget\" data-widget_type=\"heading.default\">\n\t\t\t\t<div class=\"elementor-widget-container\">\n\t\t\t\t\t<h2 class=\"elementor-heading-title elementor-size-default\">PLANT GROWTH REGULATOR (PGR)<\/h2>\t\t\t\t<\/div>\n\t\t\t\t<\/div>\n\t\t\t\t<\/div>\n\t\t\t\t<\/div>\n\t\t<div class=\"elementor-element elementor-element-398e0d0a e-flex e-con-boxed wpr-particle-no wpr-jarallax-no wpr-parallax-no wpr-sticky-section-no e-con e-parent\" data-id=\"398e0d0a\" data-element_type=\"container\">\n\t\t\t\t\t<div class=\"e-con-inner\">\n\t\t\t\t<div class=\"elementor-element elementor-element-146cabd9 wpr-item-styles-wrapper wpr-grid-columns-3 wpr-grid-columns--laptop3 wpr-grid-columns--tablet2 wpr-grid-columns--mobile1 elementor-invisible elementor-widget elementor-widget-wpr-grid\" data-id=\"146cabd9\" data-element_type=\"widget\" data-settings=\"{&quot;_animation&quot;:&quot;fadeIn&quot;}\" data-widget_type=\"wpr-grid.default\">\n\t\t\t\t<div class=\"elementor-widget-container\">\n\t\t\t\t\t<ul class=\"wpr-grid-filters elementor-clearfix wpr-grid-filters-sep-right\"><li class=\" wpr-pointer-none wpr-pointer-line-fx wpr-pointer-fx-none\"><span   data-ajax-filter=[\"category\",\"bitki-gelisim-duzenleyici-bgd\"]  data-filter=\".category-bitki-gelisim-duzenleyici-bgd\">B\u0130TK\u0130 GEL\u0130\u015e\u0130M D\u00dcZENLEY\u0130C\u0130 (BGD)<\/span><em class=\"wpr-grid-filters-sep\"><\/em><\/li><\/ul><section class=\"wpr-grid elementor-clearfix\" data-settings=\"{&quot;layout&quot;:&quot;fitRows&quot;,&quot;stick_last_element_to_bottom&quot;:&quot;&quot;,&quot;columns_desktop&quot;:&quot;3&quot;,&quot;gutter_hr&quot;:40,&quot;gutter_hr_mobile&quot;:30,&quot;gutter_hr_mobile_extra&quot;:30,&quot;gutter_hr_tablet&quot;:30,&quot;gutter_hr_tablet_extra&quot;:30,&quot;gutter_hr_laptop&quot;:30,&quot;gutter_hr_widescreen&quot;:40,&quot;gutter_vr&quot;:40,&quot;gutter_vr_mobile&quot;:30,&quot;gutter_vr_mobile_extra&quot;:30,&quot;gutter_vr_tablet&quot;:30,&quot;gutter_vr_tablet_extra&quot;:30,&quot;gutter_vr_laptop&quot;:30,&quot;gutter_vr_widescreen&quot;:40,&quot;animation&quot;:&quot;default&quot;,&quot;animation_duration&quot;:0.3,&quot;animation_delay&quot;:0.1,&quot;deeplinking&quot;:&quot;&quot;,&quot;filters_linkable&quot;:&quot;no&quot;,&quot;filters_default_filter&quot;:&quot;&quot;,&quot;filters_count&quot;:&quot;&quot;,&quot;filters_hide_empty&quot;:&quot;no&quot;,&quot;filters_animation&quot;:&quot;default&quot;,&quot;filters_animation_duration&quot;:0.3,&quot;filters_animation_delay&quot;:0.1,&quot;pagination_type&quot;:&quot;load-more&quot;,&quot;pagination_max_pages&quot;:1,&quot;lightbox&quot;:{&quot;selector&quot;:&quot;.wpr-grid-image-wrap&quot;,&quot;iframeMaxWidth&quot;:&quot;60%&quot;,&quot;hash&quot;:false,&quot;autoplay&quot;:&quot;true&quot;,&quot;pause&quot;:5000,&quot;progressBar&quot;:&quot;true&quot;,&quot;counter&quot;:&quot;true&quot;,&quot;controls&quot;:&quot;true&quot;,&quot;getCaptionFromTitleOrAlt&quot;:&quot;true&quot;,&quot;thumbnail&quot;:&quot;&quot;,&quot;showThumbByDefault&quot;:&quot;&quot;,&quot;share&quot;:&quot;&quot;,&quot;zoom&quot;:&quot;true&quot;,&quot;fullScreen&quot;:&quot;true&quot;,&quot;download&quot;:&quot;true&quot;}}\"><article class=\"wpr-grid-item elementor-clearfix post-12891 post type-post status-publish format-standard hentry category-plant-growth-regulator-pgr-2 tag-plant-growth-regulator-pgr-2\"><div class=\"wpr-grid-item-inner\"><div class=\"wpr-grid-item-below-content elementor-clearfix\"><h2 class=\"wpr-grid-item-title elementor-repeater-item-8725c9f wpr-grid-item-display-block wpr-grid-item-align-left wpr-pointer-none wpr-pointer-line-fx wpr-pointer-fx-fade\"><div class=\"inner-block\"><a target=\"_self\"  href=\"https:\/\/lenatarim.com.tr\/en\/lena-gibb\/\">LENA GIBB<\/a><\/div><\/h2><div class=\"wpr-grid-item-excerpt elementor-repeater-item-63c44da wpr-grid-item-display-block wpr-grid-item-align-left\"><div class=\"inner-block\"><p>LENA GIBB (GIBBERELLIC ACID) \u2013 PLANT GROWTH REGULATOR (PGR) \u2013 WATER-SOLUBLE CONCENTRATE (SL)<\/p><\/div><\/div><div class=\"wpr-grid-item-read-more elementor-repeater-item-d94bab2 wpr-grid-item-display-block wpr-grid-item-align-left\"><div class=\"inner-block\"><a target=\"_self\" href=\"https:\/\/lenatarim.com.tr\/en\/lena-gibb\/\" class=\"wpr-button-effect wpr-button-none\"><span>Explore<\/span><\/a><\/div><\/div><div class=\"wpr-grid-item-category elementor-repeater-item-701c0db wpr-grid-item-display-block wpr-grid-item-align-left wpr-pointer-none wpr-pointer-line-fx wpr-pointer-fx-fade wpr-grid-tax-style-2\"><div class=\"inner-block\"><a class=\" wpr-tax-id-132\" href=\"https:\/\/lenatarim.com.tr\/en\/category\/plant-growth-regulator-pgr-2\/\">PLANT GROWTH REGULATOR (PGR)<\/a><\/div><\/div><\/div><\/div><\/article><article class=\"wpr-grid-item elementor-clearfix post-13011 post type-post status-publish format-standard hentry category-plant-growth-regulator-pgr-2 tag-plant-growth-regulator-pgr-2\"><div class=\"wpr-grid-item-inner\"><div class=\"wpr-grid-item-below-content elementor-clearfix\"><h2 class=\"wpr-grid-item-title elementor-repeater-item-8725c9f wpr-grid-item-display-block wpr-grid-item-align-left wpr-pointer-none wpr-pointer-line-fx wpr-pointer-fx-fade\"><div class=\"inner-block\"><a target=\"_self\"  href=\"https:\/\/lenatarim.com.tr\/en\/lena-boom\/\">LENA BOOM<\/a><\/div><\/h2><div class=\"wpr-grid-item-excerpt elementor-repeater-item-63c44da wpr-grid-item-display-block wpr-grid-item-align-left\"><div class=\"inner-block\"><p>LENA BOOM (%1.85 GA4\/A7+%1.88 6BA) PLANT GROWTH REGULATOR (PGR) WATER-SOLUBLE LIQUID (SL)<\/p><\/div><\/div><div class=\"wpr-grid-item-read-more elementor-repeater-item-d94bab2 wpr-grid-item-display-block wpr-grid-item-align-left\"><div class=\"inner-block\"><a target=\"_self\" href=\"https:\/\/lenatarim.com.tr\/en\/lena-boom\/\" class=\"wpr-button-effect wpr-button-none\"><span>Explore<\/span><\/a><\/div><\/div><div class=\"wpr-grid-item-category elementor-repeater-item-701c0db wpr-grid-item-display-block wpr-grid-item-align-left wpr-pointer-none wpr-pointer-line-fx wpr-pointer-fx-fade wpr-grid-tax-style-2\"><div class=\"inner-block\"><a class=\" wpr-tax-id-132\" href=\"https:\/\/lenatarim.com.tr\/en\/category\/plant-growth-regulator-pgr-2\/\">PLANT GROWTH REGULATOR (PGR)<\/a><\/div><\/div><\/div><\/div><\/article><article class=\"wpr-grid-item elementor-clearfix post-13485 post type-post status-publish format-standard hentry category-plant-growth-regulator-pgr-2 tag-bitki-gelisim-duzenleyici-bgd\"><div class=\"wpr-grid-item-inner\"><div class=\"wpr-grid-item-below-content elementor-clearfix\"><h2 class=\"wpr-grid-item-title elementor-repeater-item-8725c9f wpr-grid-item-display-block wpr-grid-item-align-left wpr-pointer-none wpr-pointer-line-fx wpr-pointer-fx-fade\"><div class=\"inner-block\"><a target=\"_self\"  href=\"https:\/\/lenatarim.com.tr\/en\/lena-tonik\/\">LENA TONIK<\/a><\/div><\/h2><div class=\"wpr-grid-item-excerpt elementor-repeater-item-63c44da wpr-grid-item-display-block wpr-grid-item-align-left\"><div class=\"inner-block\"><p>PLANT GROWTH REGULATOR (PGR) - WATER-SOLUBLE CONCENTRATE (SL)<\/p><\/div><\/div><div class=\"wpr-grid-item-read-more elementor-repeater-item-d94bab2 wpr-grid-item-display-block wpr-grid-item-align-left\"><div class=\"inner-block\"><a target=\"_self\" href=\"https:\/\/lenatarim.com.tr\/en\/lena-tonik\/\" class=\"wpr-button-effect wpr-button-none\"><span>Explore<\/span><\/a><\/div><\/div><div class=\"wpr-grid-item-category elementor-repeater-item-701c0db wpr-grid-item-display-block wpr-grid-item-align-left wpr-pointer-none wpr-pointer-line-fx wpr-pointer-fx-fade wpr-grid-tax-style-2\"><div class=\"inner-block\"><a class=\" wpr-tax-id-132\" href=\"https:\/\/lenatarim.com.tr\/en\/category\/plant-growth-regulator-pgr-2\/\">PLANT GROWTH REGULATOR (PGR)<\/a><\/div><\/div><\/div><\/div><\/article><article class=\"wpr-grid-item elementor-clearfix post-13019 post type-post status-publish format-standard has-post-thumbnail hentry category-plant-growth-regulator-pgr-2 tag-bitki-gelisim-duzenleyici-bgd tag-plant-growth-regulator-pgr-2\"><div class=\"wpr-grid-item-inner\"><div class=\"wpr-grid-media-wrap wpr-effect-size-medium \" data-overlay-link=\"yes\"><div class=\"wpr-grid-image-wrap\" data-src=\"https:\/\/lenatarim.com.tr\/wp-content\/uploads\/2025\/04\/DASH-1024x1024.png\" data-img-on-hover=\"\"  data-src-secondary=\"\"><img decoding=\"async\" data-no-lazy=\"1\" src=\"https:\/\/lenatarim.com.tr\/wp-content\/uploads\/2025\/04\/DASH-1024x1024.png\" alt=\"LENA DASH\" class=\"wpr-anim-timing-ease-default\"><\/div><div class=\"wpr-grid-media-hover wpr-animation-wrap\"><div class=\"wpr-grid-media-hover-bg  wpr-overlay-fade-in wpr-anim-size-large wpr-anim-timing-ease-default wpr-anim-transparency\" data-url=\"https:\/\/lenatarim.com.tr\/en\/lena-dash\/\"><\/div><\/div><\/div><div class=\"wpr-grid-item-below-content elementor-clearfix\"><h2 class=\"wpr-grid-item-title elementor-repeater-item-8725c9f wpr-grid-item-display-block wpr-grid-item-align-left wpr-pointer-none wpr-pointer-line-fx wpr-pointer-fx-fade\"><div class=\"inner-block\"><a target=\"_self\"  href=\"https:\/\/lenatarim.com.tr\/en\/lena-dash\/\">LENA DASH<\/a><\/div><\/h2><div class=\"wpr-grid-item-excerpt elementor-repeater-item-63c44da wpr-grid-item-display-block wpr-grid-item-align-left\"><div class=\"inner-block\"><p>PLANT GROWTH REGULATOR WETTABLE POWDER (WP)<\/p><\/div><\/div><div class=\"wpr-grid-item-read-more elementor-repeater-item-d94bab2 wpr-grid-item-display-block wpr-grid-item-align-left\"><div class=\"inner-block\"><a target=\"_self\" href=\"https:\/\/lenatarim.com.tr\/en\/lena-dash\/\" class=\"wpr-button-effect wpr-button-none\"><span>Explore<\/span><\/a><\/div><\/div><div class=\"wpr-grid-item-category elementor-repeater-item-701c0db wpr-grid-item-display-block wpr-grid-item-align-left wpr-pointer-none wpr-pointer-line-fx wpr-pointer-fx-fade wpr-grid-tax-style-2\"><div class=\"inner-block\"><a class=\" wpr-tax-id-132\" href=\"https:\/\/lenatarim.com.tr\/en\/category\/plant-growth-regulator-pgr-2\/\">PLANT GROWTH REGULATOR (PGR)<\/a><\/div><\/div><\/div><\/div><\/article><article class=\"wpr-grid-item elementor-clearfix post-13146 post type-post status-publish format-standard hentry category-plant-growth-regulator-pgr-2 tag-bitki-gelisim-duzenleyici-bgd\"><div class=\"wpr-grid-item-inner\"><div class=\"wpr-grid-item-below-content elementor-clearfix\"><h2 class=\"wpr-grid-item-title elementor-repeater-item-8725c9f wpr-grid-item-display-block wpr-grid-item-align-left wpr-pointer-none wpr-pointer-line-fx wpr-pointer-fx-fade\"><div class=\"inner-block\"><a target=\"_self\"  href=\"https:\/\/lenatarim.com.tr\/en\/lena-cine\/\">LENACINE<\/a><\/div><\/h2><div class=\"wpr-grid-item-excerpt elementor-repeater-item-63c44da wpr-grid-item-display-block wpr-grid-item-align-left\"><div class=\"inner-block\"><p>PLANT GROWTH REGULATOR (PGR) WATER-SOLUBLE CONCENTRATE (SL)<\/p><\/div><\/div><div class=\"wpr-grid-item-read-more elementor-repeater-item-d94bab2 wpr-grid-item-display-block wpr-grid-item-align-left\"><div class=\"inner-block\"><a target=\"_self\" href=\"https:\/\/lenatarim.com.tr\/en\/lena-cine\/\" class=\"wpr-button-effect wpr-button-none\"><span>Explore<\/span><\/a><\/div><\/div><div class=\"wpr-grid-item-category elementor-repeater-item-701c0db wpr-grid-item-display-block wpr-grid-item-align-left wpr-pointer-none wpr-pointer-line-fx wpr-pointer-fx-fade wpr-grid-tax-style-2\"><div class=\"inner-block\"><a class=\" wpr-tax-id-132\" href=\"https:\/\/lenatarim.com.tr\/en\/category\/plant-growth-regulator-pgr-2\/\">PLANT GROWTH REGULATOR (PGR)<\/a><\/div><\/div><\/div><\/div><\/article><article class=\"wpr-grid-item elementor-clearfix post-13098 post type-post status-publish format-standard hentry category-plant-growth-regulator-pgr-2 tag-bitki-gelisim-duzenleyici-bgd\"><div class=\"wpr-grid-item-inner\"><div class=\"wpr-grid-item-below-content elementor-clearfix\"><h2 class=\"wpr-grid-item-title elementor-repeater-item-8725c9f wpr-grid-item-display-block wpr-grid-item-align-left wpr-pointer-none wpr-pointer-line-fx wpr-pointer-fx-fade\"><div class=\"inner-block\"><a target=\"_self\"  href=\"https:\/\/lenatarim.com.tr\/en\/lena-konig\/\">LENA K\u00d6N\u0130G<\/a><\/div><\/h2><div class=\"wpr-grid-item-excerpt elementor-repeater-item-63c44da wpr-grid-item-display-block wpr-grid-item-align-left\"><div class=\"inner-block\"><p>PLANT GROWTH REGULATOR (PGR)WETTABLE POWDER (WP)<\/p><\/div><\/div><div class=\"wpr-grid-item-read-more elementor-repeater-item-d94bab2 wpr-grid-item-display-block wpr-grid-item-align-left\"><div class=\"inner-block\"><a target=\"_self\" href=\"https:\/\/lenatarim.com.tr\/en\/lena-konig\/\" class=\"wpr-button-effect wpr-button-none\"><span>Explore<\/span><\/a><\/div><\/div><div class=\"wpr-grid-item-category elementor-repeater-item-701c0db wpr-grid-item-display-block wpr-grid-item-align-left wpr-pointer-none wpr-pointer-line-fx wpr-pointer-fx-fade wpr-grid-tax-style-2\"><div class=\"inner-block\"><a class=\" wpr-tax-id-132\" href=\"https:\/\/lenatarim.com.tr\/en\/category\/plant-growth-regulator-pgr-2\/\">PLANT GROWTH REGULATOR (PGR)<\/a><\/div><\/div><\/div><\/div><\/article><article class=\"wpr-grid-item elementor-clearfix post-13105 post type-post status-publish format-standard hentry category-plant-growth-regulator-pgr-2 tag-bitki-gelisim-duzenleyici-bgd\"><div class=\"wpr-grid-item-inner\"><div class=\"wpr-grid-item-below-content elementor-clearfix\"><h2 class=\"wpr-grid-item-title elementor-repeater-item-8725c9f wpr-grid-item-display-block wpr-grid-item-align-left wpr-pointer-none wpr-pointer-line-fx wpr-pointer-fx-fade\"><div class=\"inner-block\"><a target=\"_self\"  href=\"https:\/\/lenatarim.com.tr\/en\/lenafeks\/\">LENAFEKS<\/a><\/div><\/h2><div class=\"wpr-grid-item-excerpt elementor-repeater-item-63c44da wpr-grid-item-display-block wpr-grid-item-align-left\"><div class=\"inner-block\"><p>PLANT GROWTH REGULATOR (PGR)WATER-SOLUBLE CONCENTRATE (SL)<\/p><\/div><\/div><div class=\"wpr-grid-item-read-more elementor-repeater-item-d94bab2 wpr-grid-item-display-block wpr-grid-item-align-left\"><div class=\"inner-block\"><a target=\"_self\" href=\"https:\/\/lenatarim.com.tr\/en\/lenafeks\/\" class=\"wpr-button-effect wpr-button-none\"><span>Explore<\/span><\/a><\/div><\/div><div class=\"wpr-grid-item-category elementor-repeater-item-701c0db wpr-grid-item-display-block wpr-grid-item-align-left wpr-pointer-none wpr-pointer-line-fx wpr-pointer-fx-fade wpr-grid-tax-style-2\"><div class=\"inner-block\"><a class=\" wpr-tax-id-132\" href=\"https:\/\/lenatarim.com.tr\/en\/category\/plant-growth-regulator-pgr-2\/\">PLANT GROWTH REGULATOR (PGR)<\/a><\/div><\/div><\/div><\/div><\/article><\/section>\t\t\t\t<\/div>\n\t\t\t\t<\/div>\n\t\t\t\t\t<\/div>\n\t\t\t\t<\/div>\n\t\t\t\t<section class=\"elementor-section elementor-top-section elementor-element elementor-element-13c94dc elementor-section-boxed elementor-section-height-default elementor-section-height-default wpr-particle-no wpr-jarallax-no wpr-parallax-no wpr-sticky-section-no\" data-id=\"13c94dc\" data-element_type=\"section\" data-settings=\"{&quot;background_background&quot;:&quot;classic&quot;,&quot;shape_divider_top&quot;:&quot;curve&quot;,&quot;shape_divider_top_negative&quot;:&quot;yes&quot;,&quot;shape_divider_bottom&quot;:&quot;curve&quot;}\">\n\t\t\t\t\t<div class=\"elementor-shape elementor-shape-top\" aria-hidden=\"true\" data-negative=\"true\">\n\t\t\t<svg xmlns=\"http:\/\/www.w3.org\/2000\/svg\" viewBox=\"0 0 1000 100\" preserveAspectRatio=\"none\">\n\t<path class=\"elementor-shape-fill\" d=\"M500,97C126.7,96.3,0.8,19.8,0,0v100l1000,0V1C1000,19.4,873.3,97.8,500,97z\"\/>\n<\/svg>\t\t<\/div>\n\t\t\t\t<div class=\"elementor-shape elementor-shape-bottom\" aria-hidden=\"true\" data-negative=\"false\">\n\t\t\t<svg xmlns=\"http:\/\/www.w3.org\/2000\/svg\" viewBox=\"0 0 1000 100\" preserveAspectRatio=\"none\">\n    <path class=\"elementor-shape-fill\" d=\"M1000,4.3V0H0v4.3C0.9,23.1,126.7,99.2,500,100S1000,22.7,1000,4.3z\"\/>\n<\/svg>\t\t<\/div>\n\t\t\t\t\t<div class=\"elementor-container elementor-column-gap-default\">\n\t\t\t\t\t<div class=\"elementor-column elementor-col-100 elementor-top-column elementor-element elementor-element-b84bdf1 elementor-invisible\" data-id=\"b84bdf1\" data-element_type=\"column\" data-settings=\"{&quot;animation&quot;:&quot;fadeIn&quot;}\">\n\t\t\t<div class=\"elementor-widget-wrap elementor-element-populated\">\n\t\t\t\t\t\t<div class=\"elementor-element elementor-element-bf1f2be elementor-widget elementor-widget-heading\" data-id=\"bf1f2be\" data-element_type=\"widget\" data-widget_type=\"heading.default\">\n\t\t\t\t<div class=\"elementor-widget-container\">\n\t\t\t\t\t<h2 class=\"elementor-heading-title elementor-size-default\">Join the Agricultural Revolution<\/h2>\t\t\t\t<\/div>\n\t\t\t\t<\/div>\n\t\t\t\t<div class=\"elementor-element elementor-element-7967f88 elementor-align-center elementor-widget elementor-widget-button\" data-id=\"7967f88\" data-element_type=\"widget\" data-widget_type=\"button.default\">\n\t\t\t\t<div class=\"elementor-widget-container\">\n\t\t\t\t\t\t\t\t\t<div class=\"elementor-button-wrapper\">\n\t\t\t\t\t<a class=\"elementor-button elementor-button-link elementor-size-sm\" href=\"#\">\n\t\t\t\t\t\t<span class=\"elementor-button-content-wrapper\">\n\t\t\t\t\t\t\t\t\t<span class=\"elementor-button-text\">Contact Us<\/span>\n\t\t\t\t\t<\/span>\n\t\t\t\t\t<\/a>\n\t\t\t\t<\/div>\n\t\t\t\t\t\t\t\t<\/div>\n\t\t\t\t<\/div>\n\t\t\t\t\t<\/div>\n\t\t<\/div>\n\t\t\t\t\t<\/div>\n\t\t<\/section>\n\t\t\t\t<\/div>\n\t\t","protected":false},"excerpt":{"rendered":"<p>PLANT GROWTH REGULATOR (PGR) B\u0130TK\u0130 GEL\u0130\u015e\u0130M D\u00dcZENLEY\u0130C\u0130 (BGD) LENA GIBB LENA GIBB (G\u0130BBEREL\u0130K AS\u0130T) &#8211; B\u0130TK\u0130 GEL\u0130\u015e\u0130M D\u00dcZENLEY\u0130C\u0130 (BGD) &#8211; SUDA \u00c7\u00d6Z\u00dcN\u00dcR KONSANTRATE (SL) ExploreB\u0130TK\u0130 GEL\u0130\u015e\u0130M D\u00dcZENLEY\u0130C\u0130 (BGD) LENA BOOM LENA BOOM (%1.85 GA4\/A7+%1.88 6BA) &#8211; B\u0130TK\u0130 GEL\u0130\u015e\u0130M D\u00dcZENLEY\u0130C\u0130 (BGD) &#8211; SUDA ER\u0130YEB\u0130L\u0130R SIVI (SL) ExploreB\u0130TK\u0130 GEL\u0130\u015e\u0130M D\u00dcZENLEY\u0130C\u0130 (BGD) LENA TONIK B\u0130TK\u0130 GEL\u0130\u015e\u0130M D\u00dcZENLEY\u0130C\u0130 (BGD) &#8211; SUDA \u00c7\u00d6Z\u00dcNEN KONSANTRE(SL) ExploreB\u0130TK\u0130 GEL\u0130\u015e\u0130M D\u00dcZENLEY\u0130C\u0130 (BGD) LENA DASH B\u0130TK\u0130 B\u00dcY\u00dcMES\u0130N\u0130 UYARLAYAN D\u00dcZENLEY\u0130C\u0130 ISLANAB\u0130L\u0130R TOZ (WP) ExploreB\u0130TK\u0130 GEL\u0130\u015e\u0130M D\u00dcZENLEY\u0130C\u0130 (BGD) LENACINE B\u0130TK\u0130 GEL\u0130\u015e\u0130M D\u00dcZENLEY\u0130C\u0130 (BGD) &#8211; SUDA \u00c7\u00d6Z\u00dcNEN KONSANTRE (SL) ExploreB\u0130TK\u0130 GEL\u0130\u015e\u0130M D\u00dcZENLEY\u0130C\u0130 (BGD) LENA K\u00d6N\u0130G B\u0130TK\u0130 GEL\u0130\u015e\u0130M D\u00dcZENLEY\u0130C\u0130 (BGD) &#8211; ISLANAB\u0130L\u0130R TOZ (WP) ExploreB\u0130TK\u0130 GEL\u0130\u015e\u0130M D\u00dcZENLEY\u0130C\u0130 (BGD) LENAFEKS B\u0130TK\u0130 GEL\u0130\u015e\u0130M D\u00dcZENLEY\u0130C\u0130 (BGD) &#8211; SUDA \u00c7\u00d6Z\u00dcNEN KONSANTRE(SL) ExploreB\u0130TK\u0130 GEL\u0130\u015e\u0130M D\u00dcZENLEY\u0130C\u0130 (BGD) Join the Agricultural Revolution Contact Us<\/p>\n","protected":false},"author":1,"featured_media":0,"parent":0,"menu_order":0,"comment_status":"closed","ping_status":"closed","template":"elementor_canvas","meta":{"footnotes":""},"class_list":["post-12503","page","type-page","status-publish","hentry"],"_links":{"self":[{"href":"https:\/\/lenatarim.com.tr\/en\/wp-json\/wp\/v2\/pages\/12503","targetHints":{"allow":["GET"]}}],"collection":[{"href":"https:\/\/lenatarim.com.tr\/en\/wp-json\/wp\/v2\/pages"}],"about":[{"href":"https:\/\/lenatarim.com.tr\/en\/wp-json\/wp\/v2\/types\/page"}],"author":[{"embeddable":true,"href":"https:\/\/lenatarim.com.tr\/en\/wp-json\/wp\/v2\/users\/1"}],"replies":[{"embeddable":true,"href":"https:\/\/lenatarim.com.tr\/en\/wp-json\/wp\/v2\/comments?post=12503"}],"version-history":[{"count":13,"href":"https:\/\/lenatarim.com.tr\/en\/wp-json\/wp\/v2\/pages\/12503\/revisions"}],"predecessor-version":[{"id":14925,"href":"https:\/\/lenatarim.com.tr\/en\/wp-json\/wp\/v2\/pages\/12503\/revisions\/14925"}],"wp:attachment":[{"href":"https:\/\/lenatarim.com.tr\/en\/wp-json\/wp\/v2\/media?parent=12503"}],"curies":[{"name":"wp","href":"https:\/\/api.w.org\/{rel}","templated":true}]}}